{"id":668,"date":"2020-07-01T14:46:37","date_gmt":"2020-07-01T12:46:37","guid":{"rendered":"http:\/\/www.aycp.de\/?page_id=668"},"modified":"2022-01-31T11:35:38","modified_gmt":"2022-01-31T10:35:38","slug":"668-2","status":"publish","type":"page","link":"https:\/\/www.aycp.de\/?page_id=668","title":{"rendered":"3D Skillboard (PC)"},"content":{"rendered":"\n<div class=\"wp-block-image\"><figure class=\"alignleft size-large\"><img loading=\"lazy\" decoding=\"async\" width=\"48\" height=\"48\" src=\"http:\/\/www.aycp.de\/wp-content\/uploads\/2020\/07\/fitasb.png\" alt=\"\" class=\"wp-image-671\"\/><\/figure><\/div>\n\n\n\n<p><strong>Name:<\/strong> 3D Skillboard (BETA)<br>Client Version: 2.0.1.0 (BETA)<\/p>\n\n\n\n<p><strong>Download(s):<\/strong><br>Full Client (v2.0.1.0. BETA)<br>3D Skillboard  x64 Client <a href=\"http:\/\/www.hitex.at\/3dskillboard\/release\/3dskillboard_2010beta_setup_x64.exe\" target=\"_blank\" rel=\"noreferrer noopener\"><em><strong>> Download &lt;<\/strong><\/em><\/a><br><em>ca. 40 MB, als .exe ZIP-Archiv.<\/em><br>Sprache: Deutsch<\/p>\n\n\n\n<p>!<strong>BETA Release 01.02.2022<\/strong>!<\/p>\n\n\n\n<p>3D Skillboard ist eine von Andreas Pohl sich in Entwicklung befindliche Verwaltungssoftware f\u00fcr Bogenschie\u00dfvereine &amp; Turniere.<br>Die Software wird in .NET entwickelt und ist Lokal oder zB. von einem USB Stick aus ausf\u00fchrbar.<\/p>\n\n\n\n<p>Mit dieser Software lassen sich Turniere organisieren und verwalten. Von der Anlage &amp; Verwaltung der Teilnehmer und Bogenklassen bis hin zu Punktauswertungen und Urkunden verf\u00fcgt die Software \u00fcber eine einfache und instinktive Bedienung. Die Software kann kostenlos \u00fcber diese Website heruntergeladen werden.<br>Anpassungsw\u00fcnsche &amp; Support k\u00f6nnen per E-Mail an support@aycp.de angefragt werden.<\/p>\n\n\n\n<p>Aktuell befindet sich die Software in der Beta Phase und ist ab Juli 2020 kostenlos als BETA Version downloadbar.<br>Unter BETA Version verstehen wir ein unfertiges Produkt, welches noch Fehler beinhalten kann und nicht \u00fcber alle Funktionen verf\u00fcgt. \u00dcber den integrierten Updater kann immer die aktuellste Version der Software heruntergeladen werden oder aber \u00fcber die Downloadseite.<\/p>\n\n\n\n<p><strong>Systemvoraussetzung:<br><\/strong><em>Windows 7\/8\/10 x86 oder x64<\/em><br><em>.NET Framework 4.6.1.<\/em> oder h\u00f6her<br><em>Acrobat Adobe Reader (Free oder Pro)<\/em><br><em>Mindestens 2,0 Ghz Dual Core CPU(AMD &amp; INTEL)<br><\/em>Mindestens 4GB RAM (Arbeitsspeicher)<br>Minimale Aufl\u00f6sung: 1024\u00d7786<br><em>Freier Festplattenspeicher mind. 200 MB.<\/em><\/p>\n\n\n\n<p><strong>Verwendete Programmiersprache(n) und IDE(s):<\/strong><br>Visual Basic .NET, .NET Framework 4.8.1. oder h\u00f6her.<br>Download .NET Framework 4.6.1: &nbsp;<a rel=\"noreferrer noopener\" href=\"http:\/\/www.microsoft.com\/de-at\/download\/details.aspx?id=49982\" target=\"_blank\">Externer Link (Microsoft)<\/a><\/p>\n\n\n\n<p><strong>Lizenz\/Weitergabe:<\/strong><br>Es ist ein Hobbyprojekt, sollte jemand am mehr Informationen haben wollen so kann man mich einfach Kontaktieren (admin[at]aycp.de)<br>Das Dekompilieren oder verwenden des Quellcodes oder der Inhalte\/Daten ist verboten. (Geistiges Eigentum von Andreas Pohl)<\/p>\n","protected":false},"excerpt":{"rendered":"<p>Name: 3D Skillboard (BETA)Client Version: 2.0.1.0 (BETA) Download(s):Full Client (v2.0.1.0. BETA)3D Skillboard x64 Client > Download &lt;ca. 40 MB, als .exe ZIP-Archiv.Sprache: Deutsch !BETA Release 01.02.2022! 3D Skillboard ist eine von Andreas Pohl sich in Entwicklung befindliche Verwaltungssoftware f\u00fcr Bogenschie\u00dfvereine &amp; Turniere.Die Software wird in .NET entwickelt und ist Lokal oder zB. von einem USB [&hellip;]<\/p>\n","protected":false},"author":1,"featured_media":0,"parent":0,"menu_order":0,"comment_status":"closed","ping_status":"closed","template":"","meta":{"footnotes":""},"_links":{"self":[{"href":"https:\/\/www.aycp.de\/index.php?rest_route=\/wp\/v2\/pages\/668"}],"collection":[{"href":"https:\/\/www.aycp.de\/index.php?rest_route=\/wp\/v2\/pages"}],"about":[{"href":"https:\/\/www.aycp.de\/index.php?rest_route=\/wp\/v2\/types\/page"}],"author":[{"embeddable":true,"href":"https:\/\/www.aycp.de\/index.php?rest_route=\/wp\/v2\/users\/1"}],"replies":[{"embeddable":true,"href":"https:\/\/www.aycp.de\/index.php?rest_route=%2Fwp%2Fv2%2Fcomments&post=668"}],"version-history":[{"count":8,"href":"https:\/\/www.aycp.de\/index.php?rest_route=\/wp\/v2\/pages\/668\/revisions"}],"predecessor-version":[{"id":769,"href":"https:\/\/www.aycp.de\/index.php?rest_route=\/wp\/v2\/pages\/668\/revisions\/769"}],"wp:attachment":[{"href":"https:\/\/www.aycp.de\/index.php?rest_route=%2Fwp%2Fv2%2Fmedia&parent=668"}],"curies":[{"name":"wp","href":"https:\/\/api.w.org\/{rel}","templated":true}]}}