{"id":310,"date":"2017-07-28T08:48:38","date_gmt":"2017-07-28T06:48:38","guid":{"rendered":"http:\/\/www.aycp.de\/?page_id=310"},"modified":"2017-11-10T10:28:07","modified_gmt":"2017-11-10T09:28:07","slug":"war-legacy-pc","status":"publish","type":"page","link":"https:\/\/www.aycp.de\/?page_id=310","title":{"rendered":"War Legacy (PC)"},"content":{"rendered":"<p><img loading=\"lazy\" decoding=\"async\" class=\"wp-image-35 alignleft\" src=\"http:\/\/www.aycp.de\/wp-content\/uploads\/2016\/11\/Wood-Bird-256x256.png\" alt=\"WarLegacy2013\" width=\"177\" height=\"177\" srcset=\"https:\/\/www.aycp.de\/wp-content\/uploads\/2016\/11\/Wood-Bird-256x256.png 256w, https:\/\/www.aycp.de\/wp-content\/uploads\/2016\/11\/Wood-Bird-256x256-150x150.png 150w, https:\/\/www.aycp.de\/wp-content\/uploads\/2016\/11\/Wood-Bird-256x256-60x60.png 60w\" sizes=\"(max-width: 177px) 100vw, 177px\" \/><\/p>\n<p><b>Projekttitel:<\/b><br \/>\nWar Legacy (PC 2018)<br \/>\nClient Version: Not yet released.<\/p>\n<p><b>Download(s):<br \/>\n<\/b>Not yet released. W.I.P.<\/p>\n<p>&nbsp;<\/p>\n<p><b>Beschreibung:<br \/>\n<\/b>Der Krieg ist vorbei, es gilt nun Rohstoffe und Ressourcen abzubauen und eine Logistik sowie ein Handelsnetzwerk aufzubauen.<b><br \/>\n<\/b>Du bist der neue Manager eines Industrie-Unternehmens und m\u00f6chtest an die Spitze der Wirtschaft kommen doch daf\u00fcr musst du klein anfangen und mit deinem Kapital gut wirtschaften.<br \/>\nWar Legacy ist ein in VB.NET programmiertes, Grafik- &amp; Text-basierendes, Online Wirtschaft Strategie Spiel.<br \/>\nErbaue dein Wirtschafts Imperium, werde Handels-Champion und messe dich mit anderen Spielern.<\/p>\n<p><strong>Das Spielprinzip:<\/strong><br \/>\nEs gibt drei gro\u00dfe Spielelemente welche nach und nach deinen Fortschritt und Erfolg bestimmen.<br \/>\nAls erstes steht der Abbau von Rohstoffen und Erzeugung von Ressourcen und Waren im Vordergrund. Im Verlauf ist es notwendig deine Arbeiterschaft (Mitarbeiter) gl\u00fccklich zu stimmen und auf diverse Bed\u00fcrfnisse dieser zu achten. Je Zufriedener deine Arbeiter umso mehr Leistung erbringen Sie im dienst. Deine Ressourcen und Waren werden aber \u00fcberall auf der Welt ben\u00f6tigt. Somit sind Handelsbeziehungen und der Markt dein neues zus\u00e4tzliches Aufgabengebiet. Einkauf und Verkauf sowie Handel sind unumg\u00e4nglich. Es handelt sich um ein Endlosspiel \u2013 das Spiel selbst ist Gro\u00dfteils Clientseitig, ben\u00f6tigt aber eine Internetverbindung f\u00fcr die Datenverarbeitung und Speicherung. Es ist eine kostenlose Registrierung notwendig. Der Account ist f\u00fcr den Login und den Spielstand notwendig.<\/p>\n<p><strong>Konzept:<\/strong><br \/>\nAls erstes Gr\u00fcndest du eine fiktive Firma und w\u00e4hlst einen ersten Standort aus. Achte bei der Standortauswahl auf die Spezialisierung, nicht jeder Standort hat alle Ressourcen oder unendlich Rohstoffvorkommen. Sp\u00e4ter kannst du deine Firma auf weiteren Standorten betreiben um mehr und andere Ressourcen und Waren zu erzeugen. Du startest mit einem anf\u00e4nglichen Kapital von 500.000$, mit diesem Geld musst du gut Haushalten. Nun kannst du anfangen Rohstoffe wie Stein, Eisen, Gold, Kohle abzubauen und deine Landwirtschaft f\u00fcr Nahrung ankurbeln.<\/p>\n<p>Du bemerkst, dass sich langsam dein Lager mit Rohstoffen f\u00fcllt. Achte darauf das deine Arbeite zufrieden sind. Arbeiter ben\u00f6tigen Nahrung und haben Soziale Bed\u00fcrfnisse wie eine Kneipe, ein Fitnesscenter oder Einkaufsm\u00f6glichkeiten. Umso h\u00f6her die Zufriedenheit deiner Arbeiter ist, umso produktiver arbeiten Sie f\u00fcr dich.<\/p>\n<p>Nach einiger Zeit k\u00f6nnte jedoch dein Kapital knapp werden, um dem entgegenzuwirken kannst du eine Bank errichten lassen, welche vorhandene Rohstoffe in Geld $ umwandelt.<br \/>\nAchte immer auf deinen Lagerplatz, denn sollte dieser volllaufen stellt sich deine Produktion und der Abbau ein. Um dem entgegenzuwirken kannst du dein Lager vergr\u00f6\u00dfern.<\/p>\n<p>Nachdem deine Firma schon einige Rohstoffe auf Lager hat, solltest du mal dar\u00fcber nachdenken deine Produktion und den Abbau zu verbessern. Dies kannst du mit der Erzeugung von Werkzeugen oder Maschinen bewerkstelligen.<\/p>\n<p>Sollten dir mal notwendige Rohstoffe ausgehen, so kannst du am Weltmarkt diverse Rohstoffe k\u00e4uflich erwerben. Es ist nat\u00fcrlich auch m\u00f6glich, \u00fcbersch\u00fcssige Waren am Weltmarkt zu Verkaufen.<\/p>\n<p><strong>Die Features:<\/strong><\/p>\n<ul>\n<li>Mehr als 100 verschiedene Rohstoffe\/Items\/Waren\/Ressourcen<\/li>\n<li>Viele verschiedene Geb\u00e4ude<\/li>\n<li>Hunderte m\u00f6gliche Erweiterungen<\/li>\n<li>Gro\u00dfes Handelssystem<\/li>\n<li>Komplexes und Umfangreiches Gameplay<\/li>\n<li>Online und Kostenlos (Kein Pay2Win)<\/li>\n<li>Microtransaktionen (Kein Pay2Win)<\/li>\n<li>Regelm\u00e4\u00dfige Updates<\/li>\n<li>Quests und Community-Aufgaben<\/li>\n<li>Innovatives Level System<\/li>\n<li>Archievements &amp; Playerstatistiken<\/li>\n<li>Dedicated Servers \/ Eigener Server<\/li>\n<li>uvm&#8230;<\/li>\n<\/ul>\n<p><b>Verwendete Programmiersprache(n) und IDE(s):<\/b><br \/>\nVisual Basic .NET, .NET Framework 4.5 oder h\u00f6her, C# &amp; SQL.<\/p>\n<p><b>Systemanforderungen:<\/b><br \/>\nWindows 7, Windows 8.1, Windows 10 &#8211; x64 (64bit) Architektur<br \/>\nMindestens 2,0 Ghz Dual Core Prozessor (AMD &amp; INTEL)<br \/>\nFreier Festplattenspeicher mind. 5 GB.<br \/>\n.NET Framework 4.5 oder h\u00f6her<\/p>\n<p><b>Lizenz\/Weitergabe:<\/b><br \/>\n(c)2017-2018 Andreas Pohl, AYCP.de<\/p>\n<p>Du m\u00f6chtest &#8222;TESTER&#8220; werden? Kein Problem, sende uns eine E-Mail an andreas.pohl22[at]gmail.com.<\/p>\n","protected":false},"excerpt":{"rendered":"<p>Projekttitel: War Legacy (PC 2018) Client Version: Not yet released. Download(s): Not yet released. W.I.P. &nbsp; Beschreibung: Der Krieg ist vorbei, es gilt nun Rohstoffe und Ressourcen abzubauen und eine Logistik sowie ein Handelsnetzwerk aufzubauen. Du bist der neue Manager eines Industrie-Unternehmens und m\u00f6chtest an die Spitze der Wirtschaft kommen doch daf\u00fcr musst du klein [&hellip;]<\/p>\n","protected":false},"author":1,"featured_media":0,"parent":10,"menu_order":1,"comment_status":"closed","ping_status":"closed","template":"","meta":{"footnotes":""},"_links":{"self":[{"href":"https:\/\/www.aycp.de\/index.php?rest_route=\/wp\/v2\/pages\/310"}],"collection":[{"href":"https:\/\/www.aycp.de\/index.php?rest_route=\/wp\/v2\/pages"}],"about":[{"href":"https:\/\/www.aycp.de\/index.php?rest_route=\/wp\/v2\/types\/page"}],"author":[{"embeddable":true,"href":"https:\/\/www.aycp.de\/index.php?rest_route=\/wp\/v2\/users\/1"}],"replies":[{"embeddable":true,"href":"https:\/\/www.aycp.de\/index.php?rest_route=%2Fwp%2Fv2%2Fcomments&post=310"}],"version-history":[{"count":4,"href":"https:\/\/www.aycp.de\/index.php?rest_route=\/wp\/v2\/pages\/310\/revisions"}],"predecessor-version":[{"id":384,"href":"https:\/\/www.aycp.de\/index.php?rest_route=\/wp\/v2\/pages\/310\/revisions\/384"}],"up":[{"embeddable":true,"href":"https:\/\/www.aycp.de\/index.php?rest_route=\/wp\/v2\/pages\/10"}],"wp:attachment":[{"href":"https:\/\/www.aycp.de\/index.php?rest_route=%2Fwp%2Fv2%2Fmedia&parent=310"}],"curies":[{"name":"wp","href":"https:\/\/api.w.org\/{rel}","templated":true}]}}